{"id":413,"date":"2025-12-03T11:57:57","date_gmt":"2025-12-03T11:57:57","guid":{"rendered":"https:\/\/ruralrelay.com\/?page_id=413"},"modified":"2025-12-16T08:23:12","modified_gmt":"2025-12-16T08:23:12","slug":"aviso-legal","status":"publish","type":"page","link":"https:\/\/ruralrelay.com\/en\/aviso-legal\/","title":{"rendered":"LEGAL NOTICE"},"content":{"rendered":"<div data-elementor-type=\"wp-page\" data-elementor-id=\"413\" class=\"elementor elementor-413\" data-elementor-post-type=\"page\">\n\t\t\t\t<div class=\"elementor-element elementor-element-10e87fb e-flex e-con-boxed e-con e-parent\" data-id=\"10e87fb\" data-element_type=\"container\" data-settings=\"{&quot;background_background&quot;:&quot;classic&quot;}\">\n\t\t\t\t\t<div class=\"e-con-inner\">\n\t\t\t\t<div class=\"elementor-element elementor-element-f0aa115 elementor-widget elementor-widget-text-editor\" data-id=\"f0aa115\" data-element_type=\"widget\" data-widget_type=\"text-editor.default\">\n\t\t\t\t\t\t\t\t\t<p data-start=\"290\" data-end=\"402\">El presente Aviso Legal regula el acceso, navegaci\u00f3n y uso del presente sitio web (en adelante, el \u201cSitio Web\u201d).<\/p><h3 data-start=\"404\" data-end=\"433\">DERECHO DE LA INFORMACI\u00d3N<\/h3><p data-start=\"434\" data-end=\"784\">En cumplimiento con el deber de informaci\u00f3n recogido en el art\u00edculo 10 de la Ley 34\/2002, de 11 de julio, de Servicios de la Sociedad de la Informaci\u00f3n y del Comercio Electr\u00f3nico, se informa de que el Sitio Web es titularidad de <strong data-start=\"663\" data-end=\"678\">Rural Relay<\/strong> (en adelante, \u201cRURAL RELAY\u201d), con domicilio en <strong data-start=\"726\" data-end=\"783\">Calle Santa Isabel, Las Rozas, 28231, Madrid (Espa\u00f1a)<\/strong>.<\/p><p data-start=\"786\" data-end=\"865\">Usted puede ponerse en contacto con nosotros a trav\u00e9s de los siguientes medios:<\/p><ul data-start=\"867\" data-end=\"948\"><li data-start=\"867\" data-end=\"914\"><p data-start=\"869\" data-end=\"914\"><strong data-start=\"869\" data-end=\"892\">Correo electr\u00f3nico:<\/strong> <a class=\"decorated-link cursor-pointer\" rel=\"noopener\" data-start=\"893\" data-end=\"912\">info@ruralrelay.com<\/a><\/p><\/li><li data-start=\"915\" data-end=\"948\"><p data-start=\"917\" data-end=\"948\"><strong data-start=\"917\" data-end=\"930\">Tel\u00e9fono:<\/strong> +34 614 411 828<\/p><\/li><\/ul><h3 data-start=\"950\" data-end=\"962\">USUARIOS<\/h3><p data-start=\"963\" data-end=\"1132\">El acceso y\/o uso del Sitio Web le atribuye la condici\u00f3n de Usuario, y acepta, desde dicho acceso y\/o uso, el presente Aviso Legal, as\u00ed como sus posibles modificaciones.<\/p><h3 data-start=\"1134\" data-end=\"1181\">USO DEL SITIO WEB POR PARTE DE LOS USUARIOS<\/h3><p data-start=\"1182\" data-end=\"1496\">El Sitio Web puede proporcionar acceso a multitud de textos, gr\u00e1ficos, dibujos, dise\u00f1os, c\u00f3digos, software, fotograf\u00edas, m\u00fasica, v\u00eddeos, sonidos, bases de datos, im\u00e1genes, expresiones e informaciones (en adelante, \u201cContenidos\u201d) pertenecientes a <strong data-start=\"1427\" data-end=\"1442\">RURAL RELAY<\/strong> o a terceros a los que el Usuario pueda tener acceso.<\/p><p data-start=\"1498\" data-end=\"1673\">El Usuario asume la responsabilidad del uso del Sitio Web. Dicha responsabilidad se extiende al registro que, en su caso, sea necesario para acceder a determinados Contenidos.<\/p><p data-start=\"1675\" data-end=\"2170\">El Usuario se compromete a hacer un uso adecuado de los Contenidos ofrecidos a trav\u00e9s del Sitio Web y, con car\u00e1cter enunciativo pero no limitativo, a no emplearlos para:<br data-start=\"1844\" data-end=\"1847\" \/>(i) incurrir en actividades il\u00edcitas, ilegales o contrarias a la buena fe y al orden p\u00fablico;<br data-start=\"1940\" data-end=\"1943\" \/>(ii) provocar da\u00f1os en los sistemas f\u00edsicos y l\u00f3gicos del titular del Sitio Web, de sus proveedores o de terceras personas;<br data-start=\"2066\" data-end=\"2069\" \/>(iii) introducir o difundir virus inform\u00e1ticos o cualesquiera otros sistemas que puedan causar da\u00f1os.<\/p><h3 data-start=\"2172\" data-end=\"2210\">PROPIEDAD INTELECTUAL E INDUSTRIAL<\/h3><p data-start=\"2211\" data-end=\"2503\">Todos los derechos sobre el Contenido, dise\u00f1o y c\u00f3digo fuente del Sitio Web, as\u00ed como sobre las fotograf\u00edas, im\u00e1genes, textos, logotipos, dise\u00f1os, marcas, nombres comerciales y dem\u00e1s elementos contenidos en el mismo, son titularidad de <strong data-start=\"2447\" data-end=\"2462\">RURAL RELAY<\/strong> o de terceros que han autorizado su uso.<\/p><p data-start=\"2505\" data-end=\"2864\">Queda expresamente prohibida la reproducci\u00f3n, distribuci\u00f3n, comunicaci\u00f3n p\u00fablica, transformaci\u00f3n o cualquier otra forma de explotaci\u00f3n, total o parcial, de los Contenidos sin autorizaci\u00f3n expresa y por escrito de <strong data-start=\"2718\" data-end=\"2733\">RURAL RELAY<\/strong>, conforme a lo dispuesto en el Real Decreto Legislativo 1\/1996, de 12 de abril, y en la Ley 17\/2001, de 7 de diciembre, de Marcas.<\/p><p data-start=\"2866\" data-end=\"3019\">El acceso al Sitio Web no implica en ning\u00fan caso cesi\u00f3n, transmisi\u00f3n o licencia de los derechos de propiedad intelectual o industrial de <strong data-start=\"3003\" data-end=\"3018\">RURAL RELAY<\/strong>.<\/p><h3 data-start=\"3021\" data-end=\"3052\">RESPONSABILIDAD Y GARANT\u00cdAS<\/h3><p data-start=\"3053\" data-end=\"3281\"><strong data-start=\"3053\" data-end=\"3068\">RURAL RELAY<\/strong> declara haber adoptado las medidas necesarias, dentro de sus posibilidades y del estado de la tecnolog\u00eda, para garantizar el correcto funcionamiento del Sitio Web y la ausencia de virus u otros elementos da\u00f1inos.<\/p><p data-start=\"3283\" data-end=\"3518\">No obstante, <strong data-start=\"3296\" data-end=\"3311\">RURAL RELAY<\/strong> no se hace responsable de:<br data-start=\"3338\" data-end=\"3341\" \/>(a) la disponibilidad o continuidad del Sitio Web;<br data-start=\"3391\" data-end=\"3394\" \/>(b) la existencia de errores en los Contenidos;<br data-start=\"3441\" data-end=\"3444\" \/>(c) los posibles da\u00f1os derivados de interferencias, virus o desconexiones.<\/p><p data-start=\"3520\" data-end=\"3642\"><strong data-start=\"3520\" data-end=\"3535\">RURAL RELAY<\/strong> podr\u00e1 suspender temporalmente el acceso al Sitio Web por razones de mantenimiento, actualizaci\u00f3n o mejora.<\/p><h3 data-start=\"3644\" data-end=\"3661\">HIPERV\u00cdNCULOS<\/h3><p data-start=\"3662\" data-end=\"3887\">El Sitio Web puede contener enlaces a sitios web de terceros. <strong data-start=\"3724\" data-end=\"3739\">RURAL RELAY<\/strong> no asume responsabilidad alguna por los contenidos, servicios o informaciones de dichos sitios, que se ofrecen \u00fanicamente con car\u00e1cter informativo.<\/p><h3 data-start=\"3889\" data-end=\"3907\">MODIFICACIONES<\/h3><p data-start=\"3908\" data-end=\"4102\"><strong data-start=\"3908\" data-end=\"3923\">RURAL RELAY<\/strong> se reserva el derecho a modificar el presente Aviso Legal en cualquier momento. Las condiciones vigentes ser\u00e1n las publicadas en el momento en que el Usuario acceda al Sitio Web.<\/p><h3 data-start=\"4104\" data-end=\"4144\">LEGISLACI\u00d3N APLICABLE Y JURISDICCI\u00d3N<\/h3><p data-start=\"4145\" data-end=\"4438\">El presente Aviso Legal se rige por la legislaci\u00f3n espa\u00f1ola. Para la resoluci\u00f3n de cualquier conflicto que pudiera derivarse del acceso o uso del Sitio Web, las partes se someten a los Juzgados y Tribunales del domicilio de <strong data-start=\"4369\" data-end=\"4384\">RURAL RELAY<\/strong>, salvo que la normativa aplicable disponga otra cosa.<\/p>\t\t\t\t\t\t\t\t<\/div>\n\t\t\t\t\t<\/div>\n\t\t\t\t<\/div>\n\t\t\t\t<\/div>","protected":false},"excerpt":{"rendered":"<p>El presente Aviso Legal regula el acceso, navegaci\u00f3n y uso del presente sitio web (en adelante, el \u201cSitio Web\u201d). DERECHO DE LA INFORMACI\u00d3N En cumplimiento con el deber de informaci\u00f3n recogido en el art\u00edculo 10 de la Ley 34\/2002, de 11 de julio, de Servicios de la Sociedad de la Informaci\u00f3n y del Comercio Electr\u00f3nico, [&hellip;]<\/p>","protected":false},"author":1,"featured_media":0,"parent":0,"menu_order":0,"comment_status":"closed","ping_status":"closed","template":"elementor_header_footer","meta":{"_joinchat":[],"footnotes":""},"class_list":["post-413","page","type-page","status-publish","hentry"],"aioseo_notices":[],"_links":{"self":[{"href":"https:\/\/ruralrelay.com\/en\/wp-json\/wp\/v2\/pages\/413","targetHints":{"allow":["GET"]}}],"collection":[{"href":"https:\/\/ruralrelay.com\/en\/wp-json\/wp\/v2\/pages"}],"about":[{"href":"https:\/\/ruralrelay.com\/en\/wp-json\/wp\/v2\/types\/page"}],"author":[{"embeddable":true,"href":"https:\/\/ruralrelay.com\/en\/wp-json\/wp\/v2\/users\/1"}],"replies":[{"embeddable":true,"href":"https:\/\/ruralrelay.com\/en\/wp-json\/wp\/v2\/comments?post=413"}],"version-history":[{"count":17,"href":"https:\/\/ruralrelay.com\/en\/wp-json\/wp\/v2\/pages\/413\/revisions"}],"predecessor-version":[{"id":871,"href":"https:\/\/ruralrelay.com\/en\/wp-json\/wp\/v2\/pages\/413\/revisions\/871"}],"wp:attachment":[{"href":"https:\/\/ruralrelay.com\/en\/wp-json\/wp\/v2\/media?parent=413"}],"curies":[{"name":"wp","href":"https:\/\/api.w.org\/{rel}","templated":true}]}}