{"id":428,"date":"2025-12-03T12:04:01","date_gmt":"2025-12-03T12:04:01","guid":{"rendered":"https:\/\/ruralrelay.com\/?page_id=428"},"modified":"2025-12-16T08:21:23","modified_gmt":"2025-12-16T08:21:23","slug":"politica-de-cookies","status":"publish","type":"page","link":"https:\/\/ruralrelay.com\/en\/politica-de-cookies\/","title":{"rendered":"POLITICA DE COOKIES"},"content":{"rendered":"<div data-elementor-type=\"wp-page\" data-elementor-id=\"428\" class=\"elementor elementor-428\" data-elementor-post-type=\"page\">\n\t\t\t\t<div class=\"elementor-element elementor-element-10e87fb e-flex e-con-boxed e-con e-parent\" data-id=\"10e87fb\" data-element_type=\"container\" data-settings=\"{&quot;background_background&quot;:&quot;classic&quot;}\">\n\t\t\t\t\t<div class=\"e-con-inner\">\n\t\t\t\t<div class=\"elementor-element elementor-element-f0aa115 elementor-widget elementor-widget-text-editor\" data-id=\"f0aa115\" data-element_type=\"widget\" data-widget_type=\"text-editor.default\">\n\t\t\t\t\t\t\t\t\t<p data-start=\"186\" data-end=\"456\">Por el cumplimiento seg\u00fan lo dispuesto en la Ley 34\/2002 con fecha de 11 de Julio de LSSI (Ley de Servicios de la Sociedad de la Informaci\u00f3n y del Comercio Electr\u00f3nico), esta p\u00e1gina web le informa, en esta secci\u00f3n, sobre la pol\u00edtica de recogida y tratamiento de cookies.<\/p><p data-start=\"458\" data-end=\"578\">La presente pol\u00edtica de cookies se aplica a todos los usuarios que accedan de manera voluntaria a <strong data-start=\"556\" data-end=\"578\"><a class=\"decorated-link\" href=\"https:\/\/ruralrelay.com\/en\/\" target=\"_new\" rel=\"noopener\" data-start=\"558\" data-end=\"576\">www.ruralrelay.com<\/a><\/strong><\/p><h3 data-start=\"580\" data-end=\"605\">\u00bfQu\u00e9 son las cookies?<\/h3><p data-start=\"606\" data-end=\"986\">Una cookie es un fichero que se descarga en su ordenador al acceder a determinadas p\u00e1ginas web. Las cookies permiten a una p\u00e1gina web, entre otras cosas, almacenar y recuperar informaci\u00f3n sobre los h\u00e1bitos de navegaci\u00f3n de un usuario o de su equipo y, dependiendo de la informaci\u00f3n que contengan y de la forma en que utilice su equipo, pueden utilizarse para reconocer al usuario.<\/p><h3 data-start=\"988\" data-end=\"1038\">\u00bfQu\u00e9 tipos de cookies utiliza esta p\u00e1gina web?<\/h3><p data-start=\"1039\" data-end=\"1095\">Esta p\u00e1gina web utiliza los siguientes tipos de cookies:<\/p><p data-start=\"1097\" data-end=\"1468\"><strong data-start=\"1097\" data-end=\"1131\">Cookies propias o de terceros:<\/strong><br data-start=\"1131\" data-end=\"1134\" \/>Las cookies propias son creadas por la propia empresa para gestionar la web (ejemplo: tenemos varios idiomas instalados en nuestra web y queremos que al usuario, al entrar, se le cargue su idioma nativo). Las cookies de terceros son creadas por otras empresas en complementos que instalamos en nuestra web (ejemplo: Google Analytics).<\/p><p data-start=\"1470\" data-end=\"1705\"><strong data-start=\"1470\" data-end=\"1507\">Cookies de sesi\u00f3n y persistentes:<\/strong><br data-start=\"1507\" data-end=\"1510\" \/>Las cookies de sesi\u00f3n almacenan informaci\u00f3n del usuario durante el tiempo que este pase en la p\u00e1gina web. Las cookies persistentes almacenan informaci\u00f3n del usuario durante un tiempo determinado.<\/p><p data-start=\"1707\" data-end=\"2249\"><strong data-start=\"1707\" data-end=\"1767\">Cookies t\u00e9cnicas\/personalizaci\u00f3n\/an\u00e1lisis\/publicitarias:<\/strong><br data-start=\"1767\" data-end=\"1770\" \/>Las cookies t\u00e9cnicas son aqu\u00e9llas que permiten al usuario la navegaci\u00f3n y utilizar diferentes opciones que permita la web como identificar la sesi\u00f3n.<br data-start=\"1919\" data-end=\"1922\" \/>Las cookies de personalizaci\u00f3n son aquellas que guardan caracter\u00edsticas propias de la p\u00e1gina de inicio en el buscador.<br data-start=\"2040\" data-end=\"2043\" \/>Las cookies de an\u00e1lisis recogen datos sobre el comportamiento en internet de los usuarios y permiten elaborar perfiles.<br data-start=\"2162\" data-end=\"2165\" \/>Las cookies publicitarias recogen datos para poder gestionar espacios publicitarios.<\/p><p data-start=\"2251\" data-end=\"2617\">Este sitio web utiliza cookies. Las cookies necesarias se instalan de manera autom\u00e1tica; en cambio, las que puedan emplearse para ofrecer funciones en redes sociales, analizar el tr\u00e1fico, personalizar el contenido y espacios publicitarios pueden habilitarse y deshabilitarse seg\u00fan sus preferencias en la configuraci\u00f3n de cookies que encontrar\u00e1 en nuestra p\u00e1gina web.<\/p><p data-start=\"2619\" data-end=\"2902\">La normativa vigente establece que esta web puede almacenar cookies en su dispositivo si son necesarias para el funcionamiento del sitio web. Para el resto de las cookies necesitamos su permiso. Puede configurar las cookies en los ajustes de privacidad que encontrar\u00e1 en nuestra web.<\/p><p data-start=\"2904\" data-end=\"3107\">Si el usuario lo desea, puede eliminar o bloquear las cookies instaladas en su dispositivo mediante la configuraci\u00f3n de privacidad de los navegadores instalados en su dispositivo, los m\u00e1s frecuentes son:<\/p><ul data-start=\"3109\" data-end=\"3341\"><li data-start=\"3109\" data-end=\"3155\"><p data-start=\"3111\" data-end=\"3155\">Internet Explorer: <a class=\"decorated-link\" href=\"https:\/\/cutt.ly\/pf234zF\" target=\"_new\" rel=\"noopener\" data-start=\"3130\" data-end=\"3153\">https:\/\/cutt.ly\/pf234zF<\/a><\/p><\/li><li data-start=\"3156\" data-end=\"3227\"><p data-start=\"3158\" data-end=\"3227\">Mozilla Firefox: <a class=\"decorated-link\" href=\"https:\/\/support.mozilla.org\/es\/kb\/Borrar%20cookies\" target=\"_new\" rel=\"noopener\" data-start=\"3175\" data-end=\"3225\">https:\/\/support.mozilla.org\/es\/kb\/Borrar%20cookies<\/a><\/p><\/li><li data-start=\"3228\" data-end=\"3270\"><p data-start=\"3230\" data-end=\"3270\">Google Chrome: <a class=\"decorated-link\" href=\"https:\/\/cutt.ly\/jf23ZsO\" target=\"_new\" rel=\"noopener\" data-start=\"3245\" data-end=\"3268\">https:\/\/cutt.ly\/jf23ZsO<\/a><\/p><\/li><li data-start=\"3271\" data-end=\"3341\"><p data-start=\"3273\" data-end=\"3341\">Safari: <a class=\"decorated-link\" href=\"https:\/\/support.apple.com\/es-es\/guide\/safari\/sfri11471\/mac\" target=\"_new\" rel=\"noopener\" data-start=\"3281\" data-end=\"3339\">https:\/\/support.apple.com\/es-es\/guide\/safari\/sfri11471\/mac<\/a><\/p><\/li><\/ul><h3 data-start=\"3343\" data-end=\"3366\">Cookies de terceros<\/h3><p data-start=\"3367\" data-end=\"3564\">Esta p\u00e1gina web utiliza servicios de terceros para recopilar informaci\u00f3n sobre el uso y comportamiento de los usuarios dentro de la p\u00e1gina web con fines estad\u00edsticos, en este caso Google Analytics.<\/p><p data-start=\"3566\" data-end=\"3689\">Esta p\u00e1gina web incluye funciones proporcionadas por terceros, botones que permiten compartir contenido por redes sociales.<\/p><h3 data-start=\"3691\" data-end=\"3734\">Aviso sobre eliminar o bloquear cookies<\/h3><p data-start=\"3735\" data-end=\"4022\">Advertimos que, si el usuario decide eliminar o bloquear el uso de cookies de esta p\u00e1gina, puede alterarse el funcionamiento de la misma. En caso de que esto ocurra o exista cualquier otra duda, por favor p\u00f3ngase en contacto con nosotros a trav\u00e9s de nuestros propios canales de contacto.<\/p><h3 data-start=\"4024\" data-end=\"4059\">Cookies que usa esta p\u00e1gina web<\/h3><div class=\"TyagGW_tableContainer\"><div class=\"group TyagGW_tableWrapper flex w-fit flex-col-reverse\" tabindex=\"-1\"><table class=\"w-fit min-w-(--thread-content-width)\" data-start=\"4061\" data-end=\"4840\"><thead data-start=\"4061\" data-end=\"4103\"><tr data-start=\"4061\" data-end=\"4103\"><th data-start=\"4061\" data-end=\"4070\" data-col-size=\"sm\">Name<\/th><th data-start=\"4070\" data-end=\"4079\" data-col-size=\"sm\">Origen<\/th><th data-start=\"4079\" data-end=\"4091\" data-col-size=\"md\">Finalidad<\/th><th data-start=\"4091\" data-end=\"4103\" data-col-size=\"sm\">Duraci\u00f3n<\/th><\/tr><\/thead><tbody data-start=\"4143\" data-end=\"4840\"><tr data-start=\"4143\" data-end=\"4252\"><td data-start=\"4143\" data-end=\"4150\" data-col-size=\"sm\">_gat<\/td><td data-start=\"4150\" data-end=\"4164\" data-col-size=\"sm\">.google.com<\/td><td data-col-size=\"md\" data-start=\"4164\" data-end=\"4240\">Conocer el tiempo de navegaci\u00f3n. Registra la hora de llegada a la p\u00e1gina.<\/td><td data-col-size=\"sm\" data-start=\"4240\" data-end=\"4252\">1 minuto<\/td><\/tr><tr data-start=\"4253\" data-end=\"4350\"><td data-start=\"4253\" data-end=\"4263\" data-col-size=\"sm\">CONSENT<\/td><td data-col-size=\"sm\" data-start=\"4263\" data-end=\"4278\">.gstatic.com<\/td><td data-col-size=\"md\" data-start=\"4278\" data-end=\"4339\">Optimizaci\u00f3n de funciones de la web (servicios de Google).<\/td><td data-col-size=\"sm\" data-start=\"4339\" data-end=\"4350\">20 a\u00f1os<\/td><\/tr><tr data-start=\"4351\" data-end=\"4452\"><td data-start=\"4351\" data-end=\"4367\" data-col-size=\"sm\">wp-settings-1<\/td><td data-col-size=\"sm\" data-start=\"4367\" data-end=\"4388\"><strong data-start=\"4369\" data-end=\"4387\">ruralrelay.com<\/strong><\/td><td data-col-size=\"md\" data-start=\"4388\" data-end=\"4440\">Personalizar la interfaz de usuario de WordPress.<\/td><td data-col-size=\"sm\" data-start=\"4440\" data-end=\"4452\">12 meses<\/td><\/tr><tr data-start=\"4453\" data-end=\"4515\"><td data-start=\"4453\" data-end=\"4460\" data-col-size=\"sm\">_gid<\/td><td data-col-size=\"sm\" data-start=\"4460\" data-end=\"4474\">.google.com<\/td><td data-col-size=\"md\" data-start=\"4474\" data-end=\"4503\">Distinguir a los usuarios.<\/td><td data-col-size=\"sm\" data-start=\"4503\" data-end=\"4515\">24 horas<\/td><\/tr><tr data-start=\"4516\" data-end=\"4577\"><td data-start=\"4516\" data-end=\"4522\" data-col-size=\"sm\">_ga<\/td><td data-col-size=\"sm\" data-start=\"4522\" data-end=\"4536\">.google.com<\/td><td data-col-size=\"md\" data-start=\"4536\" data-end=\"4565\">Distinguir a los usuarios.<\/td><td data-col-size=\"sm\" data-start=\"4565\" data-end=\"4577\">24 horas<\/td><\/tr><tr data-start=\"4578\" data-end=\"4684\"><td data-start=\"4578\" data-end=\"4599\" data-col-size=\"sm\">wp-settings-time-1<\/td><td data-col-size=\"sm\" data-start=\"4599\" data-end=\"4620\"><strong data-start=\"4601\" data-end=\"4619\">ruralrelay.com<\/strong><\/td><td data-col-size=\"md\" data-start=\"4620\" data-end=\"4672\">Personalizar la interfaz de usuario de WordPress.<\/td><td data-col-size=\"sm\" data-start=\"4672\" data-end=\"4684\">12 meses<\/td><\/tr><tr data-start=\"4685\" data-end=\"4756\"><td data-start=\"4685\" data-end=\"4689\" data-col-size=\"sm\">d<\/td><td data-start=\"4689\" data-end=\"4707\" data-col-size=\"sm\">.quantserve.com<\/td><td data-col-size=\"md\" data-start=\"4707\" data-end=\"4745\">Medici\u00f3n de audiencias (QuantCast).<\/td><td data-col-size=\"sm\" data-start=\"4745\" data-end=\"4756\">3 meses<\/td><\/tr><tr data-start=\"4757\" data-end=\"4840\"><td data-start=\"4757\" data-end=\"4762\" data-col-size=\"sm\">mc<\/td><td data-col-size=\"sm\" data-start=\"4762\" data-end=\"4780\">.quantserve.com<\/td><td data-col-size=\"md\" data-start=\"4780\" data-end=\"4831\">Recopilaci\u00f3n de actividad del sitio (Quantcast).<\/td><td data-col-size=\"sm\" data-start=\"4831\" data-end=\"4840\">1 a\u00f1o<\/td><\/tr><\/tbody><\/table><\/div><\/div><h3 data-start=\"4842\" data-end=\"4885\">Revocaci\u00f3n de la instalaci\u00f3n de cookies<\/h3><p data-start=\"4886\" data-end=\"5207\">En todo momento el usuario tiene la opci\u00f3n de decidir si mantiene las cookies habilitadas o no en su dispositivo a trav\u00e9s del gestor de cookies de su navegador de internet. Si el usuario deshabilita las cookies en un navegador pero no en otros, se considerar\u00e1 que consiente el uso de cookies en los navegadores restantes.<\/p><p data-start=\"5209\" data-end=\"5416\">El usuario podr\u00e1 acceder a la configuraci\u00f3n de su navegador aceptando o rechazando las cookies, o seleccionar aqu\u00e9llas que admite y las que no, siguiendo los procedimientos de los navegadores m\u00e1s utilizados:<\/p><ul data-start=\"5418\" data-end=\"5725\"><li data-start=\"5418\" data-end=\"5483\"><p data-start=\"5420\" data-end=\"5483\">Google Chrome: Configuraci\u00f3n \u2013 Ajustes avanzados \u2013 Privacidad<\/p><\/li><li data-start=\"5484\" data-end=\"5565\"><p data-start=\"5486\" data-end=\"5565\">Microsoft Internet Explorer: Herramientas \u2013 Opciones de Internet \u2013 Privacidad<\/p><\/li><li data-start=\"5566\" data-end=\"5614\"><p data-start=\"5568\" data-end=\"5614\">Firefox: Preferencias \u2013 Privacidad \u2013 Cookies<\/p><\/li><li data-start=\"5615\" data-end=\"5668\"><p data-start=\"5617\" data-end=\"5668\">Safari (iPad y iPhone): Preferencias \u2013 Privacidad<\/p><\/li><li data-start=\"5669\" data-end=\"5725\"><p data-start=\"5671\" data-end=\"5725\">Opera: Configuraci\u00f3n \u2013 Opciones \u2013 Avanzado \u2013 Cookies<\/p><\/li><\/ul><h3 data-start=\"5727\" data-end=\"5770\">Actualizaci\u00f3n de la Pol\u00edtica de Cookies<\/h3><p data-start=\"5771\" data-end=\"5985\">Esta pol\u00edtica de cookies podr\u00e1 ser modificada en funci\u00f3n de las actualizaciones de la normativa vigente en cada momento para cumplir con la legislaci\u00f3n e instrucciones de la Agencia Espa\u00f1ola de Protecci\u00f3n de Datos.<\/p><p data-start=\"5987\" data-end=\"6158\">Asimismo, podr\u00e1 modificarse atendiendo a las variaciones que se produzcan en nuestras propias cookies o en las de terceros que empleen cookies a trav\u00e9s de esta p\u00e1gina web.<\/p>\t\t\t\t\t\t\t\t<\/div>\n\t\t\t\t\t<\/div>\n\t\t\t\t<\/div>\n\t\t\t\t<\/div>","protected":false},"excerpt":{"rendered":"<p>Por el cumplimiento seg\u00fan lo dispuesto en la Ley 34\/2002 con fecha de 11 de Julio de LSSI (Ley de Servicios de la Sociedad de la Informaci\u00f3n y del Comercio Electr\u00f3nico), esta p\u00e1gina web le informa, en esta secci\u00f3n, sobre la pol\u00edtica de recogida y tratamiento de cookies. La presente pol\u00edtica de cookies se aplica [&hellip;]<\/p>","protected":false},"author":1,"featured_media":0,"parent":0,"menu_order":0,"comment_status":"closed","ping_status":"closed","template":"elementor_header_footer","meta":{"_joinchat":[],"footnotes":""},"class_list":["post-428","page","type-page","status-publish","hentry"],"aioseo_notices":[],"_links":{"self":[{"href":"https:\/\/ruralrelay.com\/en\/wp-json\/wp\/v2\/pages\/428","targetHints":{"allow":["GET"]}}],"collection":[{"href":"https:\/\/ruralrelay.com\/en\/wp-json\/wp\/v2\/pages"}],"about":[{"href":"https:\/\/ruralrelay.com\/en\/wp-json\/wp\/v2\/types\/page"}],"author":[{"embeddable":true,"href":"https:\/\/ruralrelay.com\/en\/wp-json\/wp\/v2\/users\/1"}],"replies":[{"embeddable":true,"href":"https:\/\/ruralrelay.com\/en\/wp-json\/wp\/v2\/comments?post=428"}],"version-history":[{"count":4,"href":"https:\/\/ruralrelay.com\/en\/wp-json\/wp\/v2\/pages\/428\/revisions"}],"predecessor-version":[{"id":868,"href":"https:\/\/ruralrelay.com\/en\/wp-json\/wp\/v2\/pages\/428\/revisions\/868"}],"wp:attachment":[{"href":"https:\/\/ruralrelay.com\/en\/wp-json\/wp\/v2\/media?parent=428"}],"curies":[{"name":"wp","href":"https:\/\/api.w.org\/{rel}","templated":true}]}}