{"id":429,"date":"2025-12-03T12:03:19","date_gmt":"2025-12-03T12:03:19","guid":{"rendered":"https:\/\/ruralrelay.com\/?page_id=429"},"modified":"2025-12-16T08:24:28","modified_gmt":"2025-12-16T08:24:28","slug":"politica-de-privacidad","status":"publish","type":"page","link":"https:\/\/ruralrelay.com\/en\/politica-de-privacidad\/","title":{"rendered":"PRIVACY POLICY"},"content":{"rendered":"<div data-elementor-type=\"wp-page\" data-elementor-id=\"429\" class=\"elementor elementor-429\" data-elementor-post-type=\"page\">\n\t\t\t\t<div class=\"elementor-element elementor-element-10e87fb e-flex e-con-boxed e-con e-parent\" data-id=\"10e87fb\" data-element_type=\"container\" data-settings=\"{&quot;background_background&quot;:&quot;classic&quot;}\">\n\t\t\t\t\t<div class=\"e-con-inner\">\n\t\t\t\t<div class=\"elementor-element elementor-element-f0aa115 elementor-widget elementor-widget-text-editor\" data-id=\"f0aa115\" data-element_type=\"widget\" data-widget_type=\"text-editor.default\">\n\t\t\t\t\t\t\t\t\t<p data-start=\"396\" data-end=\"709\"><strong data-start=\"396\" data-end=\"411\">RURAL RELAY<\/strong> se toma muy en serio la protecci\u00f3n de su privacidad y de sus datos personales. Por ello, cumple \u00edntegramente con la legislaci\u00f3n vigente en materia de protecci\u00f3n de datos de car\u00e1cter personal, garantizando que su informaci\u00f3n personal se conserve de forma segura y sea tratada con el m\u00e1ximo cuidado.<\/p><p data-start=\"711\" data-end=\"876\">En esta pol\u00edtica de privacidad te explicamos los servicios que requieren el tratamiento de tus datos personales. En particular, te informamos de forma concisa sobre:<\/p><ul data-start=\"878\" data-end=\"1215\"><li data-start=\"878\" data-end=\"938\"><p data-start=\"880\" data-end=\"938\">Las finalidades del tratamiento de tus datos personales.<\/p><\/li><li data-start=\"939\" data-end=\"1009\"><p data-start=\"941\" data-end=\"1009\">La base legal que justifica dicho tratamiento para cada finalidad.<\/p><\/li><li data-start=\"1010\" data-end=\"1068\"><p data-start=\"1012\" data-end=\"1068\">Los datos de contacto del responsable del tratamiento.<\/p><\/li><li data-start=\"1069\" data-end=\"1163\"><p data-start=\"1071\" data-end=\"1163\">La posibilidad de presentar reclamaciones ante la Agencia Espa\u00f1ola de Protecci\u00f3n de Datos.<\/p><\/li><li data-start=\"1164\" data-end=\"1215\"><p data-start=\"1166\" data-end=\"1215\">El plazo durante el cual se tratar\u00e1n los datos.<\/p><\/li><\/ul><hr data-start=\"1217\" data-end=\"1220\" \/><h3 data-start=\"1222\" data-end=\"1266\">RESPONSABLE DEL TRATAMIENTO DE LOS DATOS<\/h3><p data-start=\"1268\" data-end=\"1512\"><strong data-start=\"1268\" data-end=\"1283\">RURAL RELAY<\/strong> es el responsable del tratamiento de tus datos de car\u00e1cter personal a los efectos de prestarte los servicios identificados en la presente pol\u00edtica de privacidad del sitio web <strong data-start=\"1459\" data-end=\"1481\"><a class=\"decorated-link\" href=\"https:\/\/ruralrelay.com\/en\/\" target=\"_new\" rel=\"noopener\" data-start=\"1461\" data-end=\"1479\">www.ruralrelay.com<\/a><\/strong> (en adelante, el \u201cSitio Web\u201d).<\/p><p data-start=\"1514\" data-end=\"1552\"><strong data-start=\"1514\" data-end=\"1552\">Datos de contacto del responsable:<\/strong><\/p><ul data-start=\"1554\" data-end=\"1699\"><li data-start=\"1554\" data-end=\"1617\"><p data-start=\"1556\" data-end=\"1617\"><strong data-start=\"1556\" data-end=\"1570\">Direcci\u00f3n:<\/strong> Calle Santa Isabel, Las Rozas, 28231, Madrid<\/p><\/li><li data-start=\"1618\" data-end=\"1665\"><p data-start=\"1620\" data-end=\"1665\"><strong data-start=\"1620\" data-end=\"1643\">Correo electr\u00f3nico:<\/strong> <a class=\"decorated-link cursor-pointer\" rel=\"noopener\" data-start=\"1644\" data-end=\"1663\">info@ruralrelay.com<\/a><\/p><\/li><li data-start=\"1666\" data-end=\"1699\"><p data-start=\"1668\" data-end=\"1699\"><strong data-start=\"1668\" data-end=\"1681\">Tel\u00e9fono:<\/strong> +34 614 411 828<\/p><\/li><\/ul><p data-start=\"1701\" data-end=\"1953\">En <strong data-start=\"1704\" data-end=\"1719\">RURAL RELAY<\/strong> estamos comprometidos con el derecho fundamental a la protecci\u00f3n de tus datos personales y esta pol\u00edtica de privacidad tiene como finalidad informarte sobre tus derechos en virtud del Reglamento General de Protecci\u00f3n de Datos (RGPD).<\/p><p data-start=\"1955\" data-end=\"2112\">Para cualquier duda o consulta relacionada con esta materia, puedes ponerte en contacto con nosotros a trav\u00e9s del correo electr\u00f3nico <strong data-start=\"2088\" data-end=\"2111\"><a class=\"decorated-link cursor-pointer\" rel=\"noopener\" data-start=\"2090\" data-end=\"2109\">info@ruralrelay.com<\/a><\/strong>.<\/p><hr data-start=\"2114\" data-end=\"2117\" \/><h3 data-start=\"2119\" data-end=\"2184\">PROCESAMIENTO DE DATOS PERSONALES Y FINALIDAD DEL TRATAMIENTO<\/h3><p data-start=\"2186\" data-end=\"2397\">RURAL RELAY informa al Usuario de que los datos de car\u00e1cter personal que facilite ser\u00e1n tratados bajo su responsabilidad y utilizados exclusivamente para las finalidades descritas en esta Pol\u00edtica de Privacidad.<\/p><hr data-start=\"2399\" data-end=\"2402\" \/><h3 data-start=\"2404\" data-end=\"2476\">\u00bfDE D\u00d3NDE PROCEDE LA INFORMACI\u00d3N QUE TRATAMOS Y QU\u00c9 DATOS RECOGEMOS?<\/h3><h4 data-start=\"2478\" data-end=\"2494\">Formularios<\/h4><p data-start=\"2495\" data-end=\"2734\">Recabamos informaci\u00f3n sobre ti cuando nos contactas mediante los canales habilitados para ello, tales como el formulario de contacto, o cuando te suscribes a nuestra newsletter para mantenerte informado de novedades, eventos y promociones.<\/p><p data-start=\"2736\" data-end=\"2837\">En estos casos solicitaremos tu consentimiento expreso para recabar tu correo electr\u00f3nico y\/o nombre.<\/p><h4 data-start=\"2839\" data-end=\"2874\">Datos facilitados directamente<\/h4><ul data-start=\"2875\" data-end=\"3017\"><li data-start=\"2875\" data-end=\"2897\"><p data-start=\"2877\" data-end=\"2897\">Nombre y apellidos<\/p><\/li><li data-start=\"2898\" data-end=\"2933\"><p data-start=\"2900\" data-end=\"2933\">Direcci\u00f3n de correo electr\u00f3nico<\/p><\/li><li data-start=\"2934\" data-end=\"2954\"><p data-start=\"2936\" data-end=\"2954\">Direcci\u00f3n postal<\/p><\/li><li data-start=\"2955\" data-end=\"2977\"><p data-start=\"2957\" data-end=\"2977\">N\u00famero de tel\u00e9fono<\/p><\/li><li data-start=\"2978\" data-end=\"3017\"><p data-start=\"2980\" data-end=\"3017\">Motivo de contacto o puesto laboral<\/p><\/li><\/ul><h4 data-start=\"3019\" data-end=\"3071\">Datos recabados de forma automatizada (cookies)<\/h4><p data-start=\"3072\" data-end=\"3219\">De forma automatizada a trav\u00e9s de cookies o tecnolog\u00edas similares, se recopila informaci\u00f3n relacionada con la navegaci\u00f3n y uso del Sitio Web, como:<\/p><ul data-start=\"3221\" data-end=\"3311\"><li data-start=\"3221\" data-end=\"3237\"><p data-start=\"3223\" data-end=\"3237\">Direcci\u00f3n IP<\/p><\/li><li data-start=\"3238\" data-end=\"3270\"><p data-start=\"3240\" data-end=\"3270\">Tipo y versi\u00f3n del navegador<\/p><\/li><li data-start=\"3271\" data-end=\"3292\"><p data-start=\"3273\" data-end=\"3292\">P\u00e1ginas visitadas<\/p><\/li><li data-start=\"3293\" data-end=\"3311\"><p data-start=\"3295\" data-end=\"3311\">Hora de acceso<\/p><\/li><\/ul><h4 data-start=\"3313\" data-end=\"3341\">Datos de redes sociales<\/h4><p data-start=\"3342\" data-end=\"3532\">En redes sociales, RURAL RELAY puede acceder a la informaci\u00f3n p\u00fablica de los perfiles que decidan seguir nuestras cuentas, de acuerdo con el nivel de privacidad configurado por cada usuario.<\/p><h4 data-start=\"3534\" data-end=\"3574\">Datos obtenidos de fuentes p\u00fablicas<\/h4><p data-start=\"3575\" data-end=\"3670\">En algunos casos, se podr\u00e1n obtener datos de contacto procedentes de fuentes de acceso p\u00fablico.<\/p><p data-start=\"3672\" data-end=\"3914\">Los campos marcados con un asterisco (*) en los formularios son obligatorios. La omisi\u00f3n de alguno de ellos podr\u00e1 impedir la prestaci\u00f3n del servicio solicitado. Al enviar un formulario declaras que la informaci\u00f3n facilitada es veraz y exacta.<\/p><hr data-start=\"3916\" data-end=\"3919\" \/><h3 data-start=\"3921\" data-end=\"3950\">FINALIDAD DEL TRATAMIENTO<\/h3><p data-start=\"3952\" data-end=\"4059\">RURAL RELAY act\u00faa como responsable del tratamiento de los datos personales para las siguientes finalidades:<\/p><ul data-start=\"4061\" data-end=\"4235\"><li data-start=\"4061\" data-end=\"4136\"><p data-start=\"4063\" data-end=\"4136\">Atender las solicitudes realizadas a trav\u00e9s del formulario de contacto.<\/p><\/li><li data-start=\"4137\" data-end=\"4235\"><p data-start=\"4139\" data-end=\"4235\">Enviar newsletters y comunicaciones comerciales relacionadas con los servicios de RURAL RELAY.<\/p><\/li><\/ul><p data-start=\"4237\" data-end=\"4402\">Los datos podr\u00e1n ser utilizados para el env\u00edo de comunicaciones por correo electr\u00f3nico, tel\u00e9fono o medios electr\u00f3nicos equivalentes, conforme a la normativa vigente.<\/p><hr data-start=\"4404\" data-end=\"4407\" \/><h3 data-start=\"4409\" data-end=\"4439\">BASE LEGAL DEL TRATAMIENTO<\/h3><p data-start=\"4441\" data-end=\"4684\">La base legal para el tratamiento de tus datos es el <strong data-start=\"4494\" data-end=\"4542\">consentimiento expl\u00edcito, libre e inequ\u00edvoco<\/strong> del Usuario.<br data-start=\"4555\" data-end=\"4558\" \/>En aquellos casos en los que exista una relaci\u00f3n comercial previa, el tratamiento podr\u00e1 basarse en dicha relaci\u00f3n contractual.<\/p><hr data-start=\"4686\" data-end=\"4689\" \/><h3 data-start=\"4691\" data-end=\"4732\">PERIODOS DE CONSERVACI\u00d3N DE LOS DATOS<\/h3><p data-start=\"4734\" data-end=\"5015\">Los datos personales se conservar\u00e1n mientras se mantenga la relaci\u00f3n entre las partes o hasta que el Usuario solicite su supresi\u00f3n. Posteriormente, los datos quedar\u00e1n bloqueados y solo estar\u00e1n disponibles para las autoridades competentes durante los plazos legalmente establecidos.<\/p><hr data-start=\"5017\" data-end=\"5020\" \/><h3 data-start=\"5022\" data-end=\"5038\">LEGITIMACI\u00d3N<\/h3><p data-start=\"5040\" data-end=\"5276\">El Usuario consiente el tratamiento de sus datos personales para la recepci\u00f3n de comunicaciones informativas o comerciales por parte de RURAL RELAY. La comunicaci\u00f3n de los datos es necesaria para poder prestar los servicios solicitados.<\/p><hr data-start=\"5278\" data-end=\"5281\" \/><h3 data-start=\"5283\" data-end=\"5318\">DESTINATARIOS \u2013 CESI\u00d3N DE DATOS<\/h3><p data-start=\"5320\" data-end=\"5436\">RURAL RELAY no cede ni comunica los datos personales a terceros, ni realiza transferencias internacionales de datos.<\/p><hr data-start=\"5438\" data-end=\"5441\" \/><h3 data-start=\"5443\" data-end=\"5467\">DERECHOS DEL USUARIO<\/h3><p data-start=\"5469\" data-end=\"5518\">El Usuario puede ejercer los siguientes derechos:<\/p><ul data-start=\"5520\" data-end=\"5741\"><li data-start=\"5520\" data-end=\"5553\"><p data-start=\"5522\" data-end=\"5553\">Acceso a sus datos personales<\/p><\/li><li data-start=\"5554\" data-end=\"5590\"><p data-start=\"5556\" data-end=\"5590\">Rectificaci\u00f3n de datos inexactos<\/p><\/li><li data-start=\"5591\" data-end=\"5617\"><p data-start=\"5593\" data-end=\"5617\">Supresi\u00f3n de sus datos<\/p><\/li><li data-start=\"5618\" data-end=\"5648\"><p data-start=\"5620\" data-end=\"5648\">Limitaci\u00f3n del tratamiento<\/p><\/li><li data-start=\"5649\" data-end=\"5677\"><p data-start=\"5651\" data-end=\"5677\">Oposici\u00f3n al tratamiento<\/p><\/li><li data-start=\"5678\" data-end=\"5707\"><p data-start=\"5680\" data-end=\"5707\">Portabilidad de los datos<\/p><\/li><li data-start=\"5708\" data-end=\"5741\"><p data-start=\"5710\" data-end=\"5741\">Revocaci\u00f3n del consentimiento<\/p><\/li><\/ul><h4 data-start=\"5743\" data-end=\"5774\">C\u00f3mo ejercer tus derechos:<\/h4><ul data-start=\"5775\" data-end=\"5942\"><li data-start=\"5775\" data-end=\"5835\"><p data-start=\"5777\" data-end=\"5835\">Enviando un correo electr\u00f3nico a <strong data-start=\"5810\" data-end=\"5833\"><a class=\"decorated-link cursor-pointer\" rel=\"noopener\" data-start=\"5812\" data-end=\"5831\">info@ruralrelay.com<\/a><\/strong><\/p><\/li><li data-start=\"5836\" data-end=\"5942\"><p data-start=\"5838\" data-end=\"5942\">Mediante comunicaci\u00f3n escrita dirigida a <strong data-start=\"5879\" data-end=\"5894\">RURAL RELAY<\/strong>, Calle Santa Isabel, Las Rozas, 28231, Madrid<\/p><\/li><\/ul><p data-start=\"5944\" data-end=\"6041\">Ser\u00e1 necesario facilitar nombre y apellidos, medio de contacto y el derecho que se desea ejercer.<\/p><p data-start=\"6043\" data-end=\"6208\">Asimismo, el Usuario podr\u00e1 presentar una reclamaci\u00f3n ante la <strong data-start=\"6104\" data-end=\"6147\">Agencia Espa\u00f1ola de Protecci\u00f3n de Datos<\/strong> si considera que el tratamiento no se ajusta a la normativa.<\/p><hr data-start=\"6210\" data-end=\"6213\" \/><h3 data-start=\"6215\" data-end=\"6239\">MEDIDAS DE SEGURIDAD<\/h3><p data-start=\"6241\" data-end=\"6516\">RURAL RELAY ha adoptado las medidas t\u00e9cnicas y organizativas necesarias para garantizar la seguridad de los datos personales y evitar su p\u00e9rdida, alteraci\u00f3n, acceso no autorizado o uso indebido, sin perjuicio de que las medidas de seguridad en Internet no sean inexpugnables.<\/p><p data-start=\"6518\" data-end=\"6626\">RURAL RELAY se compromete a mantener el deber de secreto y confidencialidad respecto a los datos personales.<\/p><hr data-start=\"6628\" data-end=\"6631\" \/><h3 data-start=\"6633\" data-end=\"6652\">MENORES DE EDAD<\/h3><p data-start=\"6654\" data-end=\"6855\">Los menores de 13 a\u00f1os no podr\u00e1n utilizar los servicios del Sitio Web sin la autorizaci\u00f3n de sus padres o tutores legales, quienes ser\u00e1n responsables de los actos realizados por los menores a su cargo.<\/p><hr data-start=\"6857\" data-end=\"6860\" \/><h3 data-start=\"6862\" data-end=\"6902\">CAMBIOS EN LA POL\u00cdTICA DE PRIVACIDAD<\/h3><p data-start=\"6904\" data-end=\"7057\">RURAL RELAY se reserva el derecho a modificar la presente Pol\u00edtica de Privacidad en cualquier momento. Se recomienda al Usuario revisarla peri\u00f3dicamente.<\/p><p data-start=\"7059\" data-end=\"7104\"><strong data-start=\"7059\" data-end=\"7084\">\u00daltima actualizaci\u00f3n:<\/strong> 24 de mayo de 2018.<\/p><hr data-start=\"7106\" data-end=\"7109\" \/><h3 data-start=\"7111\" data-end=\"7142\">ACEPTACI\u00d3N Y CONSENTIMIENTO<\/h3><p data-start=\"7144\" data-end=\"7381\">El Usuario declara haber sido informado de las condiciones sobre protecci\u00f3n de datos personales y acepta y consiente el tratamiento de los mismos por parte de <strong data-start=\"7303\" data-end=\"7318\">RURAL RELAY<\/strong>, conforme a lo indicado en la presente Pol\u00edtica de Privacidad.<\/p>\t\t\t\t\t\t\t\t<\/div>\n\t\t\t\t\t<\/div>\n\t\t\t\t<\/div>\n\t\t\t\t<\/div>","protected":false},"excerpt":{"rendered":"<p>RURAL RELAY se toma muy en serio la protecci\u00f3n de su privacidad y de sus datos personales. Por ello, cumple \u00edntegramente con la legislaci\u00f3n vigente en materia de protecci\u00f3n de datos de car\u00e1cter personal, garantizando que su informaci\u00f3n personal se conserve de forma segura y sea tratada con el m\u00e1ximo cuidado. En esta pol\u00edtica de [&hellip;]<\/p>","protected":false},"author":1,"featured_media":0,"parent":0,"menu_order":0,"comment_status":"closed","ping_status":"closed","template":"elementor_header_footer","meta":{"_joinchat":[],"footnotes":""},"class_list":["post-429","page","type-page","status-publish","hentry"],"aioseo_notices":[],"_links":{"self":[{"href":"https:\/\/ruralrelay.com\/en\/wp-json\/wp\/v2\/pages\/429","targetHints":{"allow":["GET"]}}],"collection":[{"href":"https:\/\/ruralrelay.com\/en\/wp-json\/wp\/v2\/pages"}],"about":[{"href":"https:\/\/ruralrelay.com\/en\/wp-json\/wp\/v2\/types\/page"}],"author":[{"embeddable":true,"href":"https:\/\/ruralrelay.com\/en\/wp-json\/wp\/v2\/users\/1"}],"replies":[{"embeddable":true,"href":"https:\/\/ruralrelay.com\/en\/wp-json\/wp\/v2\/comments?post=429"}],"version-history":[{"count":4,"href":"https:\/\/ruralrelay.com\/en\/wp-json\/wp\/v2\/pages\/429\/revisions"}],"predecessor-version":[{"id":874,"href":"https:\/\/ruralrelay.com\/en\/wp-json\/wp\/v2\/pages\/429\/revisions\/874"}],"wp:attachment":[{"href":"https:\/\/ruralrelay.com\/en\/wp-json\/wp\/v2\/media?parent=429"}],"curies":[{"name":"wp","href":"https:\/\/api.w.org\/{rel}","templated":true}]}}